{"id":5,"date":"2013-02-14T16:38:49","date_gmt":"2013-02-14T16:38:49","guid":{"rendered":"https:\/\/www.ishisa.com\/demo\/?page_id=5"},"modified":"2018-07-06T04:13:17","modified_gmt":"2018-07-06T04:13:17","slug":"nuestra-mision","status":"publish","type":"page","link":"https:\/\/www.ishisa.com\/?page_id=5","title":{"rendered":"\u00bfQUI\u00c9NES SOMOS?"},"content":{"rendered":"<div class=\"limit-wrapper\"><div class=\"row \"><div class=\"wpv-grid grid-1-1 add-border wpv-first-level first unextended animation-from-bottom animated-active no-extended-padding\" style=\"padding-top:0.05px;padding-bottom:0.05px;\" id=\"wpv-column-cc1c3d017a1de325f0900825e49e4479\" ><div class=\"row \"><div class=\"wpv-grid grid-1-2  first unextended no-extended-padding\" style=\"padding-top:0.05px;padding-bottom:0.05px;\" id=\"wpv-column-627d7e7898b6984a42489ebda5ccd737\" ><div class=\"row \"><div class=\"wpv-grid grid-1-2  first has-background unextended no-extended-padding\" style=\"\n\t\t\t\tbackground: url( &#039;https:\/\/www.ishisa.com\/wp-content\/uploads\/2018\/06\/ishisaext.jpg&#039; ) no-repeat center;\n\t\t\t\tbackground-size: auto;\n\t\t\tbackground-attachment: scroll;padding-top:400px;padding-bottom:0.05px;\" id=\"wpv-column-73576282d3b36125ccd87ae872394cf1\" ><\/div>\n<div class=\"wpv-grid grid-1-2  unextended no-extended-padding\" style=\"padding-top:0.05px;padding-bottom:0.05px;\" id=\"wpv-column-f5379a846f96d8cceee0ee82a58dece8\" ><div class=\"push  wpv-hide-lowres\" style=\"height:80px\"><\/div>\n<h2 style=\"text-align: center;\">MISI\u00d3N<\/h2>\n<p style=\"text-align: center;\">Nuestra misi\u00f3n es, principalmente, cumplir con las expectativas del consumidor, brindando el mejor servicio y de la mejor calidad, mediante un buen equipo de trabajo, maquinaria y herramientas necesarias para lograrlo, comprometidos con las personas, el medio ambiente y nuestro ecosistema.<\/div><\/div><\/div>\n<div class=\"wpv-grid grid-1-2  unextended left-border no-extended-padding\" style=\"padding-top:0.05px;padding-bottom:0.05px;\" id=\"wpv-column-fcd26ef5c5e8a7dba1dbe2fffec2aef2\" ><style>#wpv-column-fcd26ef5c5e8a7dba1dbe2fffec2aef2:before{background-color:#f0f0f0;}<\/style><div class=\"row \"><div class=\"wpv-grid grid-1-2  first unextended no-extended-padding\" style=\"padding-top:0.05px;padding-bottom:0.05px;\" id=\"wpv-column-f901328bf045af419e4b99711e213834\" ><div class=\"push  wpv-hide-lowres\" style=\"height:80px\"><\/div>\n<h2 style=\"text-align: center;\">VISI\u00d3N<\/h2>\n<p style=\"text-align: center;\">Nuestra visi\u00f3n es seguir creciendo como corporativo adapt\u00e1ndonos a las nuevas tecnolog\u00edas, innovando siempre y adecu\u00e1ndonos a las necesidades del consumidor en cada una de nuestras l\u00edneas de negocio.<\/div>\n<div class=\"wpv-grid grid-1-2  has-background unextended no-extended-padding\" style=\"\n\t\t\t\tbackground: url( &#039;https:\/\/www.ishisa.com\/wp-content\/uploads\/2018\/06\/visionext.jpg&#039; ) no-repeat ;\n\t\t\t\tbackground-size: auto;\n\t\t\tbackground-attachment: scroll;padding-top:400px;padding-bottom:0.05px;\" id=\"wpv-column-ff6229deffc681dac4a378ebe323656b\" ><\/div><\/div><\/div><\/div><\/div><\/div><\/div>\n<div class=\"limit-wrapper\"><div class=\"row \"><div class=\"wpv-grid grid-1-4  wpv-first-level first unextended has-extended-padding\" style=\"padding-top:0.05px;padding-bottom:0.05px;\" id=\"wpv-column-9f7b70093b78ef1893a9bdd41aee6e0e\" ><\/div><\/div><\/div>\n<div class=\"row \"><div class=\"wpv-grid grid-1-1  wpv-first-level parallax-bg first has-background extended-content unextended has-extended-padding\" style=\"\n\t\t\t\tbackground: url( &#039;https:\/\/www.ishisa.com\/wp-content\/uploads\/2018\/06\/bg_services2.jpg&#039; ) no-repeat center top;\n\t\t\t\tbackground-size: cover;\n\t\t\tbackground-attachment: fixed;background-color:#c7c7c7;padding-top:0.05px;padding-bottom:0.05px;padding-left:15px;padding-right:15px;\" id=\"wpv-column-b0622261ea9c8b96be83e918dbe4169d\"  data-parallax-method=\"to-centre\" data-parallax-inertia=\"-0.3\"><div class=\"extended-column-inner\"><style>#wpv-column-b0622261ea9c8b96be83e918dbe4169d p,#wpv-column-b0622261ea9c8b96be83e918dbe4169d em,#wpv-column-b0622261ea9c8b96be83e918dbe4169d h1,#wpv-column-b0622261ea9c8b96be83e918dbe4169d h2,#wpv-column-b0622261ea9c8b96be83e918dbe4169d h3,#wpv-column-b0622261ea9c8b96be83e918dbe4169d h4,#wpv-column-b0622261ea9c8b96be83e918dbe4169d h5,#wpv-column-b0622261ea9c8b96be83e918dbe4169d h6,#wpv-column-b0622261ea9c8b96be83e918dbe4169d .column-title,#wpv-column-b0622261ea9c8b96be83e918dbe4169d .sep-text h2.regular-title-wrapper,#wpv-column-b0622261ea9c8b96be83e918dbe4169d .text-divider-double,#wpv-column-b0622261ea9c8b96be83e918dbe4169d .sep-text .sep-text-line,#wpv-column-b0622261ea9c8b96be83e918dbe4169d .sep,#wpv-column-b0622261ea9c8b96be83e918dbe4169d .sep-2,#wpv-column-b0622261ea9c8b96be83e918dbe4169d .sep-3,#wpv-column-b0622261ea9c8b96be83e918dbe4169d td,#wpv-column-b0622261ea9c8b96be83e918dbe4169d th,#wpv-column-b0622261ea9c8b96be83e918dbe4169d caption{color:#484848;}#wpv-column-b0622261ea9c8b96be83e918dbe4169d:before{background-color:transparent;}<\/style><div class=\"row \"><div class=\"wpv-grid grid-1-1  first extended animation-fade-in animated-active has-extended-padding\" style=\"padding-top:0.05px;padding-bottom:20px;\" id=\"wpv-column-6d9c03b8b93f2aafbc7555080a13a844\" ><div class=\"limit-wrapper\"><div class=\"extended-column-inner\"><h2 class='column-title'>VALOR AGREGADO<\/h2><div class=\"row \"><div class=\"wpv-grid grid-1-5  first unextended animation-from-bottom animated-active no-extended-padding\" style=\"padding-top:0.05px;padding-bottom:0.05px;\" id=\"wpv-column-604236364124dd8bbe02a40920c8c6ff\" ><div class=\"services clearfix fullimage no-image has-icon no-button \" style=\"text-align:center;\">\n\t<div class=\"services-inside\">\n\t\t\t\t\t\t\t\t\t<div class=\"thumbnail\">\n\t\t\t\t\t\t\t\t\t\t\t\t\t\t\t\t\t\t<span class='icon shortcode theme  use-hover' style='color:#ffffff;font-size:58px !important;'>&#58913;<\/span>\t\t\t\t\t\t\t\t\t\t\t\t\t\t\t<\/div>\n\t\t\t\t\t\t\t\t\t<div class=\"sep-2\"><\/div>\n\t\t\t\t\t\t\t\t\t\t\t\t\t\t<h4 class=\"services-title\">\n\t\t\t\t\t\t\t\t\tHonestidad\t\t\t\t\t\t\t<\/h4>\n\t\t\t\t\t\t\t<div class=\"services-content\">\n<\/div>\n\t\t\t\t\t<\/div>\n<\/div>\n<\/div>\n<div class=\"wpv-grid grid-1-5  unextended animation-from-bottom animated-active no-extended-padding\" style=\"padding-top:0.05px;padding-bottom:0.05px;\" id=\"wpv-column-776a383d6be84cc4bb7e9ffb7b226a0a\" ><div class=\"services clearfix fullimage no-image has-icon no-button \" style=\"text-align:center;\">\n\t<div class=\"services-inside\">\n\t\t\t\t\t\t\t\t\t<div class=\"thumbnail\">\n\t\t\t\t\t\t\t\t\t\t\t\t\t\t\t\t\t\t<span class='icon shortcode theme  use-hover' style='color:#ffffff;font-size:58px !important;'>&#58909;<\/span>\t\t\t\t\t\t\t\t\t\t\t\t\t\t\t<\/div>\n\t\t\t\t\t\t\t\t\t<div class=\"sep-2\"><\/div>\n\t\t\t\t\t\t\t\t\t\t\t\t\t\t<h4 class=\"services-title\">\n\t\t\t\t\t\t\t\t\tTrato amable y responsable\t\t\t\t\t\t\t<\/h4>\n\t\t\t\t\t\t\t<div class=\"services-content\">\n<\/div>\n\t\t\t\t\t<\/div>\n<\/div>\n<\/div>\n<div class=\"wpv-grid grid-1-5  unextended animation-from-bottom animated-active no-extended-padding\" style=\"padding-top:0.05px;padding-bottom:0.05px;\" id=\"wpv-column-faa64b4a0a14ffbac204bc77b5f03d95\" ><div class=\"services clearfix fullimage no-image has-icon no-button \" style=\"text-align:center;\">\n\t<div class=\"services-inside\">\n\t\t\t\t\t\t\t\t\t<div class=\"thumbnail\">\n\t\t\t\t\t\t\t\t\t\t\t\t\t\t\t\t\t\t<span class='icon shortcode theme  use-hover' style='color:#ffffff;font-size:58px !important;'>&#58907;<\/span>\t\t\t\t\t\t\t\t\t\t\t\t\t\t\t<\/div>\n\t\t\t\t\t\t\t\t\t<div class=\"sep-2\"><\/div>\n\t\t\t\t\t\t\t\t\t\t\t\t\t\t<h4 class=\"services-title\">\n\t\t\t\t\t\t\t\t\tCapacidad Financiera\t\t\t\t\t\t\t<\/h4>\n\t\t\t\t\t\t\t<div class=\"services-content\">\n<\/div>\n\t\t\t\t\t<\/div>\n<\/div>\n<\/div>\n<div class=\"wpv-grid grid-1-5  unextended animation-from-bottom animated-active no-extended-padding\" style=\"padding-top:0.05px;padding-bottom:0.05px;\" id=\"wpv-column-40fb767aa99a3393a7783ba10194611f\" ><div class=\"services clearfix fullimage no-image has-icon no-button \" style=\"text-align:center;\">\n\t<div class=\"services-inside\">\n\t\t\t\t\t\t\t\t\t<div class=\"thumbnail\">\n\t\t\t\t\t\t\t\t\t\t\t\t\t\t\t\t\t\t<span class='icon shortcode theme  use-hover' style='color:#ffffff;font-size:58px !important;'>&#58911;<\/span>\t\t\t\t\t\t\t\t\t\t\t\t\t\t\t<\/div>\n\t\t\t\t\t\t\t\t\t<div class=\"sep-2\"><\/div>\n\t\t\t\t\t\t\t\t\t\t\t\t\t\t<h4 class=\"services-title\">\n\t\t\t\t\t\t\t\t\tPrestigio\t\t\t\t\t\t\t<\/h4>\n\t\t\t\t\t\t\t<div class=\"services-content\">\n<\/div>\n\t\t\t\t\t<\/div>\n<\/div>\n<\/div>\n<div class=\"wpv-grid grid-1-5  unextended animation-from-bottom animated-active no-extended-padding\" style=\"padding-top:0.05px;padding-bottom:0.05px;\" id=\"wpv-column-d2fe07501bfa5a59771bc89d661e2f3b\" ><div class=\"services clearfix fullimage no-image has-icon no-button \" style=\"text-align:center;\">\n\t<div class=\"services-inside\">\n\t\t\t\t\t\t\t\t\t<div class=\"thumbnail\">\n\t\t\t\t\t\t\t\t\t\t\t\t\t\t\t\t\t\t<span class='icon shortcode theme  use-hover' style='color:#ffffff;font-size:58px !important;'>&#58914;<\/span>\t\t\t\t\t\t\t\t\t\t\t\t\t\t\t<\/div>\n\t\t\t\t\t\t\t\t\t<div class=\"sep-2\"><\/div>\n\t\t\t\t\t\t\t\t\t\t\t\t\t\t<h4 class=\"services-title\">\n\t\t\t\t\t\t\t\t\t+30 a\u00f1os de Experiencia\t\t\t\t\t\t\t<\/h4>\n\t\t\t\t\t\t\t<div class=\"services-content\">\n<\/div>\n\t\t\t\t\t<\/div>\n<\/div>\n<\/div><\/div><\/div><\/div><\/div><\/div><\/div><\/div><\/div>\n<div class=\"limit-wrapper\"><div class=\"row \"><div class=\"wpv-grid grid-1-1  wpv-first-level first unextended has-extended-padding\" style=\"padding-top:0.05px;padding-bottom:0.05px;\" id=\"wpv-column-fb7cbd5abc532c502cecc039a288d6cf\" ><\/div><\/div><\/div>\n<div class=\"wpv-grid grid-1-1  wpv-first-level first has-background extended-content unextended has-extended-padding\" style=\"\n\t\t\t\tbackground: url( 'https:\/\/construction.vamtam.com\/wp-content\/uploads\/2013\/03\/bg_gallery.jpg' ) no-repeat center top;\n\t\t\t\tbackground-size: cover;\n\t\t\tbackground-attachment: scroll;background-color:#808080;padding-top:0.05px;padding-bottom:40px;padding-left:15px;padding-right:15px;\" id=\"wpv-column-6412e056a109607ecea4d98440878d24\"><\/p>\n<div class=\"extended-column-inner\">\n<style>#wpv-column-6412e056a109607ecea4d98440878d24 p,#wpv-column-6412e056a109607ecea4d98440878d24 em,#wpv-column-6412e056a109607ecea4d98440878d24 h1,#wpv-column-6412e056a109607ecea4d98440878d24 h2,#wpv-column-6412e056a109607ecea4d98440878d24 h3,#wpv-column-6412e056a109607ecea4d98440878d24 h4,#wpv-column-6412e056a109607ecea4d98440878d24 h5,#wpv-column-6412e056a109607ecea4d98440878d24 h6,#wpv-column-6412e056a109607ecea4d98440878d24 .column-title,#wpv-column-6412e056a109607ecea4d98440878d24 .sep-text h2.regular-title-wrapper,#wpv-column-6412e056a109607ecea4d98440878d24 .text-divider-double,#wpv-column-6412e056a109607ecea4d98440878d24 .sep-text .sep-text-line,#wpv-column-6412e056a109607ecea4d98440878d24 .sep,#wpv-column-6412e056a109607ecea4d98440878d24 .sep-2,#wpv-column-6412e056a109607ecea4d98440878d24 .sep-3,#wpv-column-6412e056a109607ecea4d98440878d24 td,#wpv-column-6412e056a109607ecea4d98440878d24 th,#wpv-column-6412e056a109607ecea4d98440878d24 caption{color:#fff;}#wpv-column-6412e056a109607ecea4d98440878d24:before{background-color:transparent;}<\/style>\n<h2 class=\"column-title\">Trayectoria ISHISA<\/h2>\n<div class=\"row \">\n<div class=\"wpv-grid grid-1-1  first unextended no-extended-padding\" style=\"padding-top:0.05px;padding-bottom:0.05px;\" id=\"wpv-column-9a6f3374d5844369b4afc3aa4d4b1d92\">\n<p style=\"text-align: center;\">Desde 1987 Ishisa es un corporativo orgullosamente mexicano, nace en Hermosillo, Sonora, con m\u00e1s de 30 a\u00f1os de experiencia en el mercado, ofrecemos la <br \/> mayor satisfacci\u00f3n y estamos comprometidos con nuestros clientes, proporcionando el mejor servicio y calidad en todas las \u00e1reas interesadas.<\/p>\n<div class=\"limit-wrapper\"><div class=\"row \"><div class=\"wpv-grid grid-1-1  wpv-first-level first unextended no-extended-padding\" style=\"padding-top:0.05px;padding-bottom:0.05px;\" id=\"wpv-column-f7eceb02b592396d64c8967bbb2a9aaa\" >\n<section class=\"portfolios isotope normal clearfix title-below has-description \" id=\"69fb14d1317fb\">\n\t<nav class=\"sort_by_cat grid-1-1\" data-for=\"#69fb14d1317fb\">\n\t<span class=\"inner-wrapper\">\n\t\t<span class=\"cat\"><a data-value=\"all\" href=\"#\" class=\"active\">All<\/a><\/span>\n\t\t\t\t\t<\/span>\n<\/nav>\t<ul class=\"clearfix masonry portfolio-items\" data-columns=\"3\">\n\t\t<li data-id=\"572\" data-type=\"\" class=\"has-title has-description grid-1-3 state-closed\">\n\t<div class=\"portfolio-item-wrapper\">\n\t\t\t\t<div class=\"portfolio-image\">\n\t\t\t<div class=\"thumbnail\" style=\"max-height:400px\">\n\t\t\t<img loading=\"lazy\" decoding=\"async\" width=\"574\" height=\"378\" src=\"https:\/\/www.ishisa.com\/wp-content\/uploads\/2018\/07\/portafolio_constructora-2.jpg\" class=\"attachment-theme-large-replacement-normal size-theme-large-replacement-normal wp-post-image\" alt=\"\" srcset=\"https:\/\/www.ishisa.com\/wp-content\/uploads\/2018\/07\/portafolio_constructora-2.jpg 574w, https:\/\/www.ishisa.com\/wp-content\/uploads\/2018\/07\/portafolio_constructora-2-300x198.jpg 300w, https:\/\/www.ishisa.com\/wp-content\/uploads\/2018\/07\/portafolio_constructora-2-446x294.jpg 446w, https:\/\/www.ishisa.com\/wp-content\/uploads\/2018\/07\/portafolio_constructora-2-327x215.jpg 327w\" sizes=\"auto, (max-width: 574px) 100vw, 574px\" \/>\t\t\t<\/div><!-- \/ .thumbnail -->\n\t\t<\/div>\n\n\t\t\t\t\t<div class=\"portfolio_details\">\n\t\t\t\t<a href=\"https:\/\/www.ishisa.com\/?post_type=portfolio&#038;p=572\">\n\t\t\t\t\t\t\t\t\t\t\t<h3 class=\"title\">\n\t\t\t\t\t\t\tConstructora PARGEL\t\t\t\t\t\t<\/h3>\n\t\t\t\t\t\t\t\t\t\t\t\t\t\t\t\t<div class=\"excerpt\"><\/div>\n\t\t\t\t\t\t\t\t\t<\/a>\n\t\t\t<\/div>\n\t\t\t<\/div>\n<\/li><li data-id=\"570\" data-type=\"\" class=\"has-title has-description grid-1-3 state-closed\">\n\t<div class=\"portfolio-item-wrapper\">\n\t\t\t\t<div class=\"portfolio-image\">\n\t\t\t<div class=\"thumbnail\" style=\"max-height:0px\">\n\t\t\t<img loading=\"lazy\" decoding=\"async\" width=\"574\" height=\"378\" src=\"https:\/\/www.ishisa.com\/wp-content\/uploads\/2018\/07\/portofolio_ishisa.jpg\" class=\"attachment-theme-large-replacement-normal size-theme-large-replacement-normal wp-post-image\" alt=\"\" srcset=\"https:\/\/www.ishisa.com\/wp-content\/uploads\/2018\/07\/portofolio_ishisa.jpg 574w, https:\/\/www.ishisa.com\/wp-content\/uploads\/2018\/07\/portofolio_ishisa-300x198.jpg 300w, https:\/\/www.ishisa.com\/wp-content\/uploads\/2018\/07\/portofolio_ishisa-446x294.jpg 446w, https:\/\/www.ishisa.com\/wp-content\/uploads\/2018\/07\/portofolio_ishisa-327x215.jpg 327w\" sizes=\"auto, (max-width: 574px) 100vw, 574px\" \/>\t\t\t<\/div><!-- \/ .thumbnail -->\n\t\t<\/div>\n\n\t\t\t\t\t<div class=\"portfolio_details\">\n\t\t\t\t<a href=\"https:\/\/www.ishisa.com\/?post_type=portfolio&#038;p=570\">\n\t\t\t\t\t\t\t\t\t\t\t<h3 class=\"title\">\n\t\t\t\t\t\t\tGrupo ishisa 1991\t\t\t\t\t\t<\/h3>\n\t\t\t\t\t\t\t\t\t\t\t\t\t\t\t\t<div class=\"excerpt\"><\/div>\n\t\t\t\t\t\t\t\t\t<\/a>\n\t\t\t<\/div>\n\t\t\t<\/div>\n<\/li><li data-id=\"567\" data-type=\"\" class=\"has-title has-description grid-1-3 state-closed\">\n\t<div class=\"portfolio-item-wrapper\">\n\t\t\t\t<div class=\"portfolio-image\">\n\t\t\t<div class=\"thumbnail\" style=\"max-height:0px\">\n\t\t\t<img loading=\"lazy\" decoding=\"async\" width=\"574\" height=\"378\" src=\"https:\/\/www.ishisa.com\/wp-content\/uploads\/2018\/07\/portafolio_agropecuaria.jpg\" class=\"attachment-theme-large-replacement-normal size-theme-large-replacement-normal wp-post-image\" alt=\"\" srcset=\"https:\/\/www.ishisa.com\/wp-content\/uploads\/2018\/07\/portafolio_agropecuaria.jpg 574w, https:\/\/www.ishisa.com\/wp-content\/uploads\/2018\/07\/portafolio_agropecuaria-300x198.jpg 300w, https:\/\/www.ishisa.com\/wp-content\/uploads\/2018\/07\/portafolio_agropecuaria-446x294.jpg 446w, https:\/\/www.ishisa.com\/wp-content\/uploads\/2018\/07\/portafolio_agropecuaria-327x215.jpg 327w\" sizes=\"auto, (max-width: 574px) 100vw, 574px\" \/>\t\t\t<\/div><!-- \/ .thumbnail -->\n\t\t<\/div>\n\n\t\t\t\t\t<div class=\"portfolio_details\">\n\t\t\t\t<a href=\"https:\/\/www.ishisa.com\/?post_type=portfolio&#038;p=567\">\n\t\t\t\t\t\t\t\t\t\t\t<h3 class=\"title\">\n\t\t\t\t\t\t\tAgropecuaria EPJARGEL\t\t\t\t\t\t<\/h3>\n\t\t\t\t\t\t\t\t\t\t\t\t\t\t\t\t<div class=\"excerpt\"><\/div>\n\t\t\t\t\t\t\t\t\t<\/a>\n\t\t\t<\/div>\n\t\t\t<\/div>\n<\/li><li data-id=\"561\" data-type=\"\" class=\"has-title has-description grid-1-3 state-closed\">\n\t<div class=\"portfolio-item-wrapper\">\n\t\t\t\t<div class=\"portfolio-image\">\n\t\t\t<div class=\"thumbnail\" style=\"max-height:0px\">\n\t\t\t<img loading=\"lazy\" decoding=\"async\" width=\"574\" height=\"378\" src=\"https:\/\/www.ishisa.com\/wp-content\/uploads\/2018\/07\/portafolio_gasolinera.jpg\" class=\"attachment-theme-large-replacement-normal size-theme-large-replacement-normal wp-post-image\" alt=\"\" srcset=\"https:\/\/www.ishisa.com\/wp-content\/uploads\/2018\/07\/portafolio_gasolinera.jpg 574w, https:\/\/www.ishisa.com\/wp-content\/uploads\/2018\/07\/portafolio_gasolinera-300x198.jpg 300w, https:\/\/www.ishisa.com\/wp-content\/uploads\/2018\/07\/portafolio_gasolinera-446x294.jpg 446w, https:\/\/www.ishisa.com\/wp-content\/uploads\/2018\/07\/portafolio_gasolinera-327x215.jpg 327w\" sizes=\"auto, (max-width: 574px) 100vw, 574px\" \/>\t\t\t<\/div><!-- \/ .thumbnail -->\n\t\t<\/div>\n\n\t\t\t\t\t<div class=\"portfolio_details\">\n\t\t\t\t<a href=\"https:\/\/www.ishisa.com\/?post_type=portfolio&#038;p=561\">\n\t\t\t\t\t\t\t\t\t\t\t<h3 class=\"title\">\n\t\t\t\t\t\t\tGasolinera MB\t\t\t\t\t\t<\/h3>\n\t\t\t\t\t\t\t\t\t\t\t\t\t\t\t\t<div class=\"excerpt\"><\/div>\n\t\t\t\t\t\t\t\t\t<\/a>\n\t\t\t<\/div>\n\t\t\t<\/div>\n<\/li><li data-id=\"558\" data-type=\"\" class=\"has-title has-description grid-1-3 state-closed\">\n\t<div class=\"portfolio-item-wrapper\">\n\t\t\t\t<div class=\"portfolio-image\">\n\t\t\t<div class=\"thumbnail\" style=\"max-height:0px\">\n\t\t\t<img loading=\"lazy\" decoding=\"async\" width=\"574\" height=\"378\" src=\"https:\/\/www.ishisa.com\/wp-content\/uploads\/2018\/07\/portafolio_electrica.jpg\" class=\"attachment-theme-large-replacement-normal size-theme-large-replacement-normal wp-post-image\" alt=\"\" srcset=\"https:\/\/www.ishisa.com\/wp-content\/uploads\/2018\/07\/portafolio_electrica.jpg 574w, https:\/\/www.ishisa.com\/wp-content\/uploads\/2018\/07\/portafolio_electrica-300x198.jpg 300w, https:\/\/www.ishisa.com\/wp-content\/uploads\/2018\/07\/portafolio_electrica-446x294.jpg 446w, https:\/\/www.ishisa.com\/wp-content\/uploads\/2018\/07\/portafolio_electrica-327x215.jpg 327w\" sizes=\"auto, (max-width: 574px) 100vw, 574px\" \/>\t\t\t<\/div><!-- \/ .thumbnail -->\n\t\t<\/div>\n\n\t\t\t\t\t<div class=\"portfolio_details\">\n\t\t\t\t<a href=\"https:\/\/www.ishisa.com\/?post_type=portfolio&#038;p=558\">\n\t\t\t\t\t\t\t\t\t\t\t<h3 class=\"title\">\n\t\t\t\t\t\t\tEl\u00e9ctrica MB\t\t\t\t\t\t<\/h3>\n\t\t\t\t\t\t\t\t\t\t\t\t\t\t\t\t<div class=\"excerpt\"><\/div>\n\t\t\t\t\t\t\t\t\t<\/a>\n\t\t\t<\/div>\n\t\t\t<\/div>\n<\/li>\t<\/ul>\n\t<\/section>\n<\/div><\/div><\/div>\n<div class=\"push \" style=\"height:60px\"><\/div>\n<\/div>\n<\/div>\n<div class=\"row \">\n<div class=\"wpv-grid grid-1-1  first unextended no-extended-padding\" style=\"padding-top:0.05px;padding-bottom:0.05px;\" id=\"wpv-column-0f3cd5d91f0408f9c52f0ddfdb97c20d\">\n<section class=\"portfolios  normal clearfix title-below has-description \" id=\"5b3ecd8cd8b21\">\n<ul class=\"clearfix  portfolio-items\" data-columns=\"4\">\n<li data-id=\"5327\" data-type=\"video\" class=\"has-title has-description grid-1-4 state-closed\">\n<p><\/a>\n<\/div>\n<\/div>\n<\/li>\n<\/ul>\n<\/section>\n<\/div>\n<\/div>\n","protected":false},"excerpt":{"rendered":"","protected":false},"author":1,"featured_media":0,"parent":0,"menu_order":0,"comment_status":"closed","ping_status":"closed","template":"","meta":{"_monsterinsights_skip_tracking":false,"_monsterinsights_sitenote_active":false,"_monsterinsights_sitenote_note":"","_monsterinsights_sitenote_category":0,"footnotes":""},"class_list":["post-5","page","type-page","status-publish","hentry"],"_links":{"self":[{"href":"https:\/\/www.ishisa.com\/index.php?rest_route=\/wp\/v2\/pages\/5","targetHints":{"allow":["GET"]}}],"collection":[{"href":"https:\/\/www.ishisa.com\/index.php?rest_route=\/wp\/v2\/pages"}],"about":[{"href":"https:\/\/www.ishisa.com\/index.php?rest_route=\/wp\/v2\/types\/page"}],"author":[{"embeddable":true,"href":"https:\/\/www.ishisa.com\/index.php?rest_route=\/wp\/v2\/users\/1"}],"replies":[{"embeddable":true,"href":"https:\/\/www.ishisa.com\/index.php?rest_route=%2Fwp%2Fv2%2Fcomments&post=5"}],"version-history":[{"count":11,"href":"https:\/\/www.ishisa.com\/index.php?rest_route=\/wp\/v2\/pages\/5\/revisions"}],"predecessor-version":[{"id":576,"href":"https:\/\/www.ishisa.com\/index.php?rest_route=\/wp\/v2\/pages\/5\/revisions\/576"}],"wp:attachment":[{"href":"https:\/\/www.ishisa.com\/index.php?rest_route=%2Fwp%2Fv2%2Fmedia&parent=5"}],"curies":[{"name":"wp","href":"https:\/\/api.w.org\/{rel}","templated":true}]}}