{"id":7,"date":"2013-02-14T16:39:20","date_gmt":"2013-02-14T16:39:20","guid":{"rendered":"https:\/\/www.ishisa.com\/demo\/?page_id=7"},"modified":"2018-03-27T20:32:16","modified_gmt":"2018-03-27T20:32:16","slug":"obras-realizadas","status":"publish","type":"page","link":"https:\/\/www.ishisa.com\/?page_id=7","title":{"rendered":"LINEAS DE NEGOCIO"},"content":{"rendered":"<div class=\"limit-wrapper\"><div class=\"row \"><div class=\"wpv-grid grid-1-1  wpv-first-level first unextended no-extended-padding\" style=\"padding-top:0.05px;padding-bottom:0.05px;\" id=\"wpv-column-b32db1f843857126023eeb9e38a6259b\" ><p><strong><a href=\"https:\/\/www.ishisa.com\/Curriculum_ISHISA_2013.pdf\">Bajar curriculum ISHISA en formato PDF<\/a><\/strong><\/p>\n<h2><strong>2011 y 2012:<\/strong><\/h2>\n<ul>\n<li>Construcci\u00f3n de Obra para CFE L\u00ednea de 24.5 KMS en 33 KV de Arizpe a Bacoachi, Son.<\/li>\n<li>L\u00edneas Varias en 34.5 kv en Mina La Herradura Grupo Pe\u00f1oles<\/li>\n<li>Construcci\u00f3n de Obras de Aportacion Zona Guaymas para CFE Guaymas, Son.<\/li>\n<li>L\u00edneas Varias en 34.5 kv en Mina La Herradura Grupo Pe\u00f1oles<\/li>\n<\/ul>\n<h2><strong>2010:<\/strong><\/h2>\n<ul>\n<li>Construcci\u00f3n de Subestaci\u00f3n El\u00e9ctrica 115 kv para Minera Saucito en Fresnillo, Zac.<\/li>\n<li>10.2 km L\u00ednea A\u00e9rea en 115 kv para Minera Saucito en Fresnillo, Zac.<\/li>\n<li>Construcci\u00f3n de Cuadro de Maniobras 115 kv para Minera Saucito en Fresnillo, Zac.<\/li>\n<li>Cambio de Sistema A\u00e9reo a Subterr\u00e1neo en Col Pitic II Etapa en Hermosillo, Son.<\/li>\n<\/ul>\n<h2><strong>2009:<\/strong><\/h2>\n<ul>\n<li>Construcci\u00f3n de L\u00edneas A\u00e9reas y Subterr\u00e1neas para CFE en Hermosillo, Son<\/li>\n<li>20 km L\u00ednea A\u00e9rea en 33 kv y Subestaciones Proyecto DIPOLOS en Mina La Herradura<\/li>\n<li>Suministro e Instalaci\u00f3n de 23 Restauradores y Equipo de Protecci\u00f3n Zona Nogales CFE<\/li>\n<li>Alumbrado en Blvd. Colosio y Blvd. Quiroga en Hermosillo, Son.<\/li>\n<\/ul>\n<h2><strong>2008:<\/strong><\/h2>\n<ul>\n<li>Alumbrado en Blvd. Carlos Quintero Arce en Hermosillo, Son.<\/li>\n<li>Remodelaci\u00f3n de Centro Comercial SORIANA Justo Sierra en Mexicali, B.C.<\/li>\n<li>Construcci\u00f3n de L\u00edneas A\u00e9reas y Subterr\u00e1neas para CFE en Hermosillo, Son<\/li>\n<li>L\u00ednea de Media Tensi\u00f3n Subterr\u00e1nea para C. Comercial MEGA Com Mex. En Hillo, Son.<\/li>\n<\/ul>\n<h2><strong>2007:<\/strong><\/h2>\n<ul>\n<li>Alumbrado en Pista y Rodajes en Aeropuerto de San Jos\u00e9 del Cabo, BCS.<\/li>\n<li>Centro Comercial Mercado SORIANA en Cd. Obreg\u00f3n, Son.<\/li>\n<li>Centro Comercial City Club y SORIANA Plus R\u00edo Sonora en Hermosillo, Son.<\/li>\n<\/ul>\n<h2><strong>2006:<\/strong><\/h2>\n<ul>\n<li>Electrificaci\u00f3n y Equipo de Bombeo para C\u00e1rcamo de Rebombeo Los Bagotes.<\/li>\n<li>9.5 Km. de L\u00ednea A\u00e9rea en 13.2 kv para \u201cEl Gavil\u00e1n\u201d Mpio. De Ures, Son.<\/li>\n<li>Fraccionamientos Villa Merlot y Los Arroyos, en Hermosillo, Son.<\/li>\n<li>L\u00ednea Interna 15 kv, 5 circuitos para Mina Milpillas de Grupo Penoles.<\/li>\n<li>Centro Comercial SORIANA Sendero en Hermosillo, Son.<\/li>\n<li>Edificio de Centro Integral en Universidad de Sonora en Hermosillo, Son.<\/li>\n<li>Media Tensi\u00f3n SORIANA Nogales, Son.<\/li>\n<li>Media Tensi\u00f3n SORIANA San Jos\u00e9 del Cabo, BCS.<\/li>\n<\/ul>\n<h2><strong>2005 y Anteriores:<\/strong><\/h2>\n<ul>\n<li>10 Km. L\u00ednea en 33 kv para Mina Milpillas de Grupo Penoles.<\/li>\n<li>Centro Comercial Mercado SORIANA en Navojoa y Guaymas, Son.<\/li>\n<li>Alumbrado Exterior en Central de Ciclo Combinado en Hermosillo, Son.<\/li>\n<li>Maquiladora General Electric en Nogales, Son.<\/li>\n<li>Estaci\u00f3n de Compresi\u00f3n de Gas en Naco, Son.<\/li>\n<li>Estaci\u00f3n de Compresi\u00f3n de Gas en Cd. Juarez, Chih.<\/li>\n<li>CERESO para 1500 Internos en Nogales, Son.<\/li>\n<li>Construcci\u00f3n de 64 Km. de L\u00ednea en 115 KV para Minera Nyco.<\/li>\n<li>Instalaciones El\u00e9ctricas e Instrumentaci\u00f3n en Minera Nyco<\/li>\n<li>Subestaci\u00f3n 20\/25 MVA 115 kv para Minera Nyco.<\/li>\n<\/ul><\/div><\/div><\/div>\n","protected":false},"excerpt":{"rendered":"<p>Bajar curriculum ISHISA en formato PDF 2011 y 2012: Construcci\u00f3n de Obra para CFE L\u00ednea de 24.5 KMS en 33 KV de Arizpe a Bacoachi, Son. L\u00edneas Varias en 34.5 kv en Mina La Herradura Grupo Pe\u00f1oles Construcci\u00f3n de Obras de Aportacion Zona Guaymas para CFE Guaymas, Son. L\u00edneas Varias en 34.5 kv en Mina&#8230;<\/p>\n","protected":false},"author":1,"featured_media":0,"parent":0,"menu_order":0,"comment_status":"closed","ping_status":"closed","template":"","meta":{"_monsterinsights_skip_tracking":false,"_monsterinsights_sitenote_active":false,"_monsterinsights_sitenote_note":"","_monsterinsights_sitenote_category":0,"footnotes":""},"class_list":["post-7","page","type-page","status-publish","hentry"],"_links":{"self":[{"href":"https:\/\/www.ishisa.com\/index.php?rest_route=\/wp\/v2\/pages\/7","targetHints":{"allow":["GET"]}}],"collection":[{"href":"https:\/\/www.ishisa.com\/index.php?rest_route=\/wp\/v2\/pages"}],"about":[{"href":"https:\/\/www.ishisa.com\/index.php?rest_route=\/wp\/v2\/types\/page"}],"author":[{"embeddable":true,"href":"https:\/\/www.ishisa.com\/index.php?rest_route=\/wp\/v2\/users\/1"}],"replies":[{"embeddable":true,"href":"https:\/\/www.ishisa.com\/index.php?rest_route=%2Fwp%2Fv2%2Fcomments&post=7"}],"version-history":[{"count":9,"href":"https:\/\/www.ishisa.com\/index.php?rest_route=\/wp\/v2\/pages\/7\/revisions"}],"predecessor-version":[{"id":321,"href":"https:\/\/www.ishisa.com\/index.php?rest_route=\/wp\/v2\/pages\/7\/revisions\/321"}],"wp:attachment":[{"href":"https:\/\/www.ishisa.com\/index.php?rest_route=%2Fwp%2Fv2%2Fmedia&parent=7"}],"curies":[{"name":"wp","href":"https:\/\/api.w.org\/{rel}","templated":true}]}}